{"id":198571,"date":"2021-04-30T06:54:54","date_gmt":"2021-04-30T06:54:54","guid":{"rendered":"http:\/\/moi-kidz.8.is\/product\/baby-jump-suit-blush-animal\/"},"modified":"2025-11-20T10:01:20","modified_gmt":"2025-11-20T10:01:20","slug":"baby-jump-suit-blush-animal","status":"publish","type":"product","link":"https:\/\/moi-kidz.com\/is\/vara\/ungbarna-samfestingur-blush\/","title":{"rendered":"Ungbarna &#8211; Samfestingur Blush"},"content":{"rendered":"","protected":false},"excerpt":{"rendered":"<p>Ofursvalur samfestingur fyrir yngstu kr\u00edlin.<br \/>\n<em>95% L\u00edfr\u00e6n B\u00f3mull + 5% Elastin<\/em><\/p>\n","protected":false},"featured_media":198572,"comment_status":"open","ping_status":"closed","template":"","meta":[],"product_cat":[280,327,168,144],"product_tag":[401,419,230],"yoast_head":"<!-- This site is optimized with the Yoast SEO Premium plugin v18.5 (Yoast SEO v19.4) - https:\/\/yoast.com\/wordpress\/plugins\/seo\/ -->\n<title>Ungbarna - Samfestingur Blush | m\u00f3i<\/title>\n<meta name=\"description\" content=\"[:en]Baby - Jump Suit Blush Animal[:is]Ungbarna - Samfestingur Blush[:] - | Organic Kids Fashion\" \/>\n<meta name=\"robots\" content=\"index, follow, max-snippet:-1, max-image-preview:large, max-video-preview:-1\" \/>\n<link rel=\"canonical\" href=\"https:\/\/moi-kidz.com\/is\/vara\/ungbarna-samfestingur-blush\/\" \/>\n<meta property=\"og:locale\" content=\"is_IS\" \/>\n<meta property=\"og:type\" content=\"article\" \/>\n<meta property=\"og:title\" content=\"[:en]Baby - Jump Suit Blush Animal[:is]Ungbarna - Samfestingur Blush[:]\" \/>\n<meta property=\"og:description\" content=\"[:en]Baby - Jump Suit Blush Animal[:is]Ungbarna - Samfestingur Blush[:] - | Organic Kids Fashion\" \/>\n<meta property=\"og:url\" content=\"https:\/\/moi-kidz.com\/is\/vara\/ungbarna-samfestingur-blush\/\" \/>\n<meta property=\"og:site_name\" content=\"m\u00f3i\" \/>\n<meta property=\"article:publisher\" content=\"https:\/\/www.facebook.com\/moikidz\" \/>\n<meta property=\"article:modified_time\" content=\"2025-11-20T10:01:20+00:00\" \/>\n<meta property=\"og:image\" content=\"https:\/\/moi-kidz.com\/wp-content\/uploads\/2021\/04\/BTKA_16192208838604255_84ba18d133e60e8beb7b1dc0d45b34-2.jpeg\" \/>\n\t<meta property=\"og:image:width\" content=\"1080\" \/>\n\t<meta property=\"og:image:height\" content=\"1080\" \/>\n\t<meta property=\"og:image:type\" content=\"image\/jpeg\" \/>\n<meta name=\"twitter:card\" content=\"summary_large_image\" \/>\n<meta name=\"twitter:site\" content=\"@MoiKidz\" \/>\n<script type=\"application\/ld+json\" class=\"yoast-schema-graph\">{\"@context\":\"https:\/\/schema.org\",\"@graph\":[{\"@type\":\"Organization\",\"@id\":\"https:\/\/moi-kidz.com\/is\/#organization\",\"name\":\"m\u00f3i\",\"url\":\"https:\/\/moi-kidz.com\/is\/\",\"sameAs\":[\"https:\/\/www.instagram.com\/\",\"https:\/\/www.pinterest.com\/moikidzcom\/\",\"https:\/\/www.facebook.com\/moikidz\",\"https:\/\/twitter.com\/MoiKidz\"],\"logo\":{\"@type\":\"ImageObject\",\"inLanguage\":\"is\",\"@id\":\"https:\/\/moi-kidz.com\/is\/#\/schema\/logo\/image\/\",\"url\":\"https:\/\/moi-kidz.com\/wp-content\/uploads\/2022\/05\/Logo.jpg\",\"contentUrl\":\"https:\/\/moi-kidz.com\/wp-content\/uploads\/2022\/05\/Logo.jpg\",\"width\":239,\"height\":113,\"caption\":\"m\u00f3i\"},\"image\":{\"@id\":\"https:\/\/moi-kidz.com\/is\/#\/schema\/logo\/image\/\"}},{\"@type\":\"WebSite\",\"@id\":\"https:\/\/moi-kidz.com\/is\/#website\",\"url\":\"https:\/\/moi-kidz.com\/is\/\",\"name\":\"m\u00f3i\",\"description\":\"Icelandic - Organic - Kids Fashion\",\"publisher\":{\"@id\":\"https:\/\/moi-kidz.com\/is\/#organization\"},\"potentialAction\":[{\"@type\":\"SearchAction\",\"target\":{\"@type\":\"EntryPoint\",\"urlTemplate\":\"https:\/\/moi-kidz.com\/is\/?s={search_term_string}\"},\"query-input\":\"required name=search_term_string\"}],\"inLanguage\":\"is\"},{\"@type\":\"WebPage\",\"@id\":\"https:\/\/moi-kidz.com\/is\/vara\/ungbarna-samfestingur-blush\/\",\"url\":\"https:\/\/moi-kidz.com\/is\/vara\/ungbarna-samfestingur-blush\/\",\"name\":\"[:en]Baby - Jump Suit Blush Animal[:is]Ungbarna - Samfestingur Blush[:] | m\u00f3i\",\"isPartOf\":{\"@id\":\"https:\/\/moi-kidz.com\/is\/#website\"},\"datePublished\":\"2021-04-30T06:54:54+00:00\",\"dateModified\":\"2025-11-20T10:01:20+00:00\",\"description\":\"[:en]Baby - Jump Suit Blush Animal[:is]Ungbarna - Samfestingur Blush[:] - | Organic Kids Fashion\",\"breadcrumb\":{\"@id\":\"https:\/\/moi-kidz.com\/is\/vara\/ungbarna-samfestingur-blush\/#breadcrumb\"},\"inLanguage\":\"is\",\"potentialAction\":[{\"@type\":\"ReadAction\",\"target\":[\"https:\/\/moi-kidz.com\/is\/vara\/ungbarna-samfestingur-blush\/\"]}]},{\"@type\":\"BreadcrumbList\",\"@id\":\"https:\/\/moi-kidz.com\/is\/vara\/ungbarna-samfestingur-blush\/#breadcrumb\",\"itemListElement\":[{\"@type\":\"ListItem\",\"position\":1,\"name\":\"Home\",\"item\":\"https:\/\/moi-kidz.com\/is\/\"},{\"@type\":\"ListItem\",\"position\":2,\"name\":\"V\u00f6rur\",\"item\":\"https:\/\/moi-kidz.com\/is\/shop\/\"},{\"@type\":\"ListItem\",\"position\":3,\"name\":\"Ungbarna &#8211; Samfestingur Blush\"}]}]}<\/script>\n<!-- \/ Yoast SEO Premium plugin. -->","yoast_head_json":{"title":"[:en]Baby - Jump Suit Blush Animal[:is]Ungbarna - Samfestingur Blush[:] | m\u00f3i","description":"[:en]Baby - Jump Suit Blush Animal[:is]Ungbarna - Samfestingur Blush[:] - | Organic Kids Fashion","robots":{"index":"index","follow":"follow","max-snippet":"max-snippet:-1","max-image-preview":"max-image-preview:large","max-video-preview":"max-video-preview:-1"},"canonical":"https:\/\/moi-kidz.com\/is\/vara\/ungbarna-samfestingur-blush\/","og_locale":"is_IS","og_type":"article","og_title":"[:en]Baby - Jump Suit Blush Animal[:is]Ungbarna - Samfestingur Blush[:]","og_description":"[:en]Baby - Jump Suit Blush Animal[:is]Ungbarna - Samfestingur Blush[:] - | Organic Kids Fashion","og_url":"https:\/\/moi-kidz.com\/is\/vara\/ungbarna-samfestingur-blush\/","og_site_name":"m\u00f3i","article_publisher":"https:\/\/www.facebook.com\/moikidz","article_modified_time":"2025-11-20T10:01:20+00:00","og_image":[{"width":1080,"height":1080,"url":"https:\/\/moi-kidz.com\/wp-content\/uploads\/2021\/04\/BTKA_16192208838604255_84ba18d133e60e8beb7b1dc0d45b34-2.jpeg","type":"image\/jpeg"}],"twitter_card":"summary_large_image","twitter_site":"@MoiKidz","schema":{"@context":"https:\/\/schema.org","@graph":[{"@type":"Organization","@id":"https:\/\/moi-kidz.com\/is\/#organization","name":"m\u00f3i","url":"https:\/\/moi-kidz.com\/is\/","sameAs":["https:\/\/www.instagram.com\/","https:\/\/www.pinterest.com\/moikidzcom\/","https:\/\/www.facebook.com\/moikidz","https:\/\/twitter.com\/MoiKidz"],"logo":{"@type":"ImageObject","inLanguage":"is","@id":"https:\/\/moi-kidz.com\/is\/#\/schema\/logo\/image\/","url":"https:\/\/moi-kidz.com\/wp-content\/uploads\/2022\/05\/Logo.jpg","contentUrl":"https:\/\/moi-kidz.com\/wp-content\/uploads\/2022\/05\/Logo.jpg","width":239,"height":113,"caption":"m\u00f3i"},"image":{"@id":"https:\/\/moi-kidz.com\/is\/#\/schema\/logo\/image\/"}},{"@type":"WebSite","@id":"https:\/\/moi-kidz.com\/is\/#website","url":"https:\/\/moi-kidz.com\/is\/","name":"m\u00f3i","description":"Icelandic - Organic - Kids Fashion","publisher":{"@id":"https:\/\/moi-kidz.com\/is\/#organization"},"potentialAction":[{"@type":"SearchAction","target":{"@type":"EntryPoint","urlTemplate":"https:\/\/moi-kidz.com\/is\/?s={search_term_string}"},"query-input":"required name=search_term_string"}],"inLanguage":"is"},{"@type":"WebPage","@id":"https:\/\/moi-kidz.com\/is\/vara\/ungbarna-samfestingur-blush\/","url":"https:\/\/moi-kidz.com\/is\/vara\/ungbarna-samfestingur-blush\/","name":"[:en]Baby - Jump Suit Blush Animal[:is]Ungbarna - Samfestingur Blush[:] | m\u00f3i","isPartOf":{"@id":"https:\/\/moi-kidz.com\/is\/#website"},"datePublished":"2021-04-30T06:54:54+00:00","dateModified":"2025-11-20T10:01:20+00:00","description":"[:en]Baby - Jump Suit Blush Animal[:is]Ungbarna - Samfestingur Blush[:] - | Organic Kids Fashion","breadcrumb":{"@id":"https:\/\/moi-kidz.com\/is\/vara\/ungbarna-samfestingur-blush\/#breadcrumb"},"inLanguage":"is","potentialAction":[{"@type":"ReadAction","target":["https:\/\/moi-kidz.com\/is\/vara\/ungbarna-samfestingur-blush\/"]}]},{"@type":"BreadcrumbList","@id":"https:\/\/moi-kidz.com\/is\/vara\/ungbarna-samfestingur-blush\/#breadcrumb","itemListElement":[{"@type":"ListItem","position":1,"name":"Home","item":"https:\/\/moi-kidz.com\/is\/"},{"@type":"ListItem","position":2,"name":"V\u00f6rur","item":"https:\/\/moi-kidz.com\/is\/shop\/"},{"@type":"ListItem","position":3,"name":"Ungbarna &#8211; Samfestingur Blush"}]}]}},"_links":{"self":[{"href":"https:\/\/moi-kidz.com\/is\/wp-json\/wp\/v2\/product\/198571"}],"collection":[{"href":"https:\/\/moi-kidz.com\/is\/wp-json\/wp\/v2\/product"}],"about":[{"href":"https:\/\/moi-kidz.com\/is\/wp-json\/wp\/v2\/types\/product"}],"replies":[{"embeddable":true,"href":"https:\/\/moi-kidz.com\/is\/wp-json\/wp\/v2\/comments?post=198571"}],"wp:featuredmedia":[{"embeddable":true,"href":"https:\/\/moi-kidz.com\/is\/wp-json\/wp\/v2\/media\/198572"}],"wp:attachment":[{"href":"https:\/\/moi-kidz.com\/is\/wp-json\/wp\/v2\/media?parent=198571"}],"wp:term":[{"taxonomy":"product_cat","embeddable":true,"href":"https:\/\/moi-kidz.com\/is\/wp-json\/wp\/v2\/product_cat?post=198571"},{"taxonomy":"product_tag","embeddable":true,"href":"https:\/\/moi-kidz.com\/is\/wp-json\/wp\/v2\/product_tag?post=198571"}],"curies":[{"name":"wp","href":"https:\/\/api.w.org\/{rel}","templated":true}]}}