{"id":198594,"date":"2021-04-30T06:57:19","date_gmt":"2021-04-30T06:57:19","guid":{"rendered":"http:\/\/moi-kidz.8.is\/product\/skirt-tropical\/"},"modified":"2022-10-20T13:30:42","modified_gmt":"2022-10-20T13:30:42","slug":"skirt-tropical","status":"publish","type":"product","link":"https:\/\/moi-kidz.com\/is\/vara\/pils-tropical\/","title":{"rendered":"Pils &#8211; Tropical"},"content":{"rendered":"","protected":false},"excerpt":{"rendered":"<p>Geggja\u00f0 Pils fyrir a\u00f0al skv\u00edsurnar<br \/>\n<em>95% L\u00edfr\u00e6n B\u00f3mull + 5% Elastin<\/em><\/p>\n","protected":false},"featured_media":198599,"comment_status":"open","ping_status":"closed","template":"","meta":[],"product_cat":[346,349,122,101,156,144],"product_tag":[401,230,225],"yoast_head":"<!-- This site is optimized with the Yoast SEO Premium plugin v18.5 (Yoast SEO v19.4) - https:\/\/yoast.com\/wordpress\/plugins\/seo\/ -->\n<title>Pils - Tropical | m\u00f3i<\/title>\n<meta name=\"description\" content=\"[:en]Skirt - Tropical[:is]Pils - Tropical[:] - | Organic Kids Fashion\" \/>\n<meta name=\"robots\" content=\"index, follow, max-snippet:-1, max-image-preview:large, max-video-preview:-1\" \/>\n<link rel=\"canonical\" href=\"https:\/\/moi-kidz.com\/is\/vara\/pils-tropical\/\" \/>\n<meta property=\"og:locale\" content=\"is_IS\" \/>\n<meta property=\"og:type\" content=\"article\" \/>\n<meta property=\"og:title\" content=\"[:en]Skirt - Tropical[:is]Pils - Tropical[:]\" \/>\n<meta property=\"og:description\" content=\"[:en]Skirt - Tropical[:is]Pils - Tropical[:] - | Organic Kids Fashion\" \/>\n<meta property=\"og:url\" content=\"https:\/\/moi-kidz.com\/is\/vara\/pils-tropical\/\" \/>\n<meta property=\"og:site_name\" content=\"m\u00f3i\" \/>\n<meta property=\"article:publisher\" content=\"https:\/\/www.facebook.com\/moikidz\" \/>\n<meta property=\"article:modified_time\" content=\"2022-10-20T13:30:42+00:00\" \/>\n<meta property=\"og:image\" content=\"https:\/\/moi-kidz.com\/wp-content\/uploads\/2021\/04\/BTKA_16192208871781998_ec78a77222a4fef985c628bd5949a4-1.jpeg\" \/>\n\t<meta property=\"og:image:width\" content=\"1080\" \/>\n\t<meta property=\"og:image:height\" content=\"1080\" \/>\n\t<meta property=\"og:image:type\" content=\"image\/jpeg\" \/>\n<meta name=\"twitter:card\" content=\"summary_large_image\" \/>\n<meta name=\"twitter:site\" content=\"@MoiKidz\" \/>\n<script type=\"application\/ld+json\" class=\"yoast-schema-graph\">{\"@context\":\"https:\/\/schema.org\",\"@graph\":[{\"@type\":\"Organization\",\"@id\":\"https:\/\/moi-kidz.com\/is\/#organization\",\"name\":\"m\u00f3i\",\"url\":\"https:\/\/moi-kidz.com\/is\/\",\"sameAs\":[\"https:\/\/www.instagram.com\/\",\"https:\/\/www.pinterest.com\/moikidzcom\/\",\"https:\/\/www.facebook.com\/moikidz\",\"https:\/\/twitter.com\/MoiKidz\"],\"logo\":{\"@type\":\"ImageObject\",\"inLanguage\":\"is\",\"@id\":\"https:\/\/moi-kidz.com\/is\/#\/schema\/logo\/image\/\",\"url\":\"https:\/\/moi-kidz.com\/wp-content\/uploads\/2022\/05\/Logo.jpg\",\"contentUrl\":\"https:\/\/moi-kidz.com\/wp-content\/uploads\/2022\/05\/Logo.jpg\",\"width\":239,\"height\":113,\"caption\":\"m\u00f3i\"},\"image\":{\"@id\":\"https:\/\/moi-kidz.com\/is\/#\/schema\/logo\/image\/\"}},{\"@type\":\"WebSite\",\"@id\":\"https:\/\/moi-kidz.com\/is\/#website\",\"url\":\"https:\/\/moi-kidz.com\/is\/\",\"name\":\"m\u00f3i\",\"description\":\"Icelandic - Organic - Kids Fashion\",\"publisher\":{\"@id\":\"https:\/\/moi-kidz.com\/is\/#organization\"},\"potentialAction\":[{\"@type\":\"SearchAction\",\"target\":{\"@type\":\"EntryPoint\",\"urlTemplate\":\"https:\/\/moi-kidz.com\/is\/?s={search_term_string}\"},\"query-input\":\"required name=search_term_string\"}],\"inLanguage\":\"is\"},{\"@type\":\"WebPage\",\"@id\":\"https:\/\/moi-kidz.com\/is\/vara\/pils-tropical\/\",\"url\":\"https:\/\/moi-kidz.com\/is\/vara\/pils-tropical\/\",\"name\":\"[:en]Skirt - Tropical[:is]Pils - Tropical[:] | m\u00f3i\",\"isPartOf\":{\"@id\":\"https:\/\/moi-kidz.com\/is\/#website\"},\"datePublished\":\"2021-04-30T06:57:19+00:00\",\"dateModified\":\"2022-10-20T13:30:42+00:00\",\"description\":\"[:en]Skirt - Tropical[:is]Pils - Tropical[:] - | Organic Kids Fashion\",\"breadcrumb\":{\"@id\":\"https:\/\/moi-kidz.com\/is\/vara\/pils-tropical\/#breadcrumb\"},\"inLanguage\":\"is\",\"potentialAction\":[{\"@type\":\"ReadAction\",\"target\":[\"https:\/\/moi-kidz.com\/is\/vara\/pils-tropical\/\"]}]},{\"@type\":\"BreadcrumbList\",\"@id\":\"https:\/\/moi-kidz.com\/is\/vara\/pils-tropical\/#breadcrumb\",\"itemListElement\":[{\"@type\":\"ListItem\",\"position\":1,\"name\":\"Home\",\"item\":\"https:\/\/moi-kidz.com\/is\/\"},{\"@type\":\"ListItem\",\"position\":2,\"name\":\"V\u00f6rur\",\"item\":\"https:\/\/moi-kidz.com\/is\/shop\/\"},{\"@type\":\"ListItem\",\"position\":3,\"name\":\"Pils &#8211; Tropical\"}]}]}<\/script>\n<!-- \/ Yoast SEO Premium plugin. -->","yoast_head_json":{"title":"[:en]Skirt - Tropical[:is]Pils - Tropical[:] | m\u00f3i","description":"[:en]Skirt - Tropical[:is]Pils - Tropical[:] - | Organic Kids Fashion","robots":{"index":"index","follow":"follow","max-snippet":"max-snippet:-1","max-image-preview":"max-image-preview:large","max-video-preview":"max-video-preview:-1"},"canonical":"https:\/\/moi-kidz.com\/is\/vara\/pils-tropical\/","og_locale":"is_IS","og_type":"article","og_title":"[:en]Skirt - Tropical[:is]Pils - Tropical[:]","og_description":"[:en]Skirt - Tropical[:is]Pils - Tropical[:] - | Organic Kids Fashion","og_url":"https:\/\/moi-kidz.com\/is\/vara\/pils-tropical\/","og_site_name":"m\u00f3i","article_publisher":"https:\/\/www.facebook.com\/moikidz","article_modified_time":"2022-10-20T13:30:42+00:00","og_image":[{"width":1080,"height":1080,"url":"https:\/\/moi-kidz.com\/wp-content\/uploads\/2021\/04\/BTKA_16192208871781998_ec78a77222a4fef985c628bd5949a4-1.jpeg","type":"image\/jpeg"}],"twitter_card":"summary_large_image","twitter_site":"@MoiKidz","schema":{"@context":"https:\/\/schema.org","@graph":[{"@type":"Organization","@id":"https:\/\/moi-kidz.com\/is\/#organization","name":"m\u00f3i","url":"https:\/\/moi-kidz.com\/is\/","sameAs":["https:\/\/www.instagram.com\/","https:\/\/www.pinterest.com\/moikidzcom\/","https:\/\/www.facebook.com\/moikidz","https:\/\/twitter.com\/MoiKidz"],"logo":{"@type":"ImageObject","inLanguage":"is","@id":"https:\/\/moi-kidz.com\/is\/#\/schema\/logo\/image\/","url":"https:\/\/moi-kidz.com\/wp-content\/uploads\/2022\/05\/Logo.jpg","contentUrl":"https:\/\/moi-kidz.com\/wp-content\/uploads\/2022\/05\/Logo.jpg","width":239,"height":113,"caption":"m\u00f3i"},"image":{"@id":"https:\/\/moi-kidz.com\/is\/#\/schema\/logo\/image\/"}},{"@type":"WebSite","@id":"https:\/\/moi-kidz.com\/is\/#website","url":"https:\/\/moi-kidz.com\/is\/","name":"m\u00f3i","description":"Icelandic - Organic - Kids Fashion","publisher":{"@id":"https:\/\/moi-kidz.com\/is\/#organization"},"potentialAction":[{"@type":"SearchAction","target":{"@type":"EntryPoint","urlTemplate":"https:\/\/moi-kidz.com\/is\/?s={search_term_string}"},"query-input":"required name=search_term_string"}],"inLanguage":"is"},{"@type":"WebPage","@id":"https:\/\/moi-kidz.com\/is\/vara\/pils-tropical\/","url":"https:\/\/moi-kidz.com\/is\/vara\/pils-tropical\/","name":"[:en]Skirt - Tropical[:is]Pils - Tropical[:] | m\u00f3i","isPartOf":{"@id":"https:\/\/moi-kidz.com\/is\/#website"},"datePublished":"2021-04-30T06:57:19+00:00","dateModified":"2022-10-20T13:30:42+00:00","description":"[:en]Skirt - Tropical[:is]Pils - Tropical[:] - | Organic Kids Fashion","breadcrumb":{"@id":"https:\/\/moi-kidz.com\/is\/vara\/pils-tropical\/#breadcrumb"},"inLanguage":"is","potentialAction":[{"@type":"ReadAction","target":["https:\/\/moi-kidz.com\/is\/vara\/pils-tropical\/"]}]},{"@type":"BreadcrumbList","@id":"https:\/\/moi-kidz.com\/is\/vara\/pils-tropical\/#breadcrumb","itemListElement":[{"@type":"ListItem","position":1,"name":"Home","item":"https:\/\/moi-kidz.com\/is\/"},{"@type":"ListItem","position":2,"name":"V\u00f6rur","item":"https:\/\/moi-kidz.com\/is\/shop\/"},{"@type":"ListItem","position":3,"name":"Pils &#8211; Tropical"}]}]}},"_links":{"self":[{"href":"https:\/\/moi-kidz.com\/is\/wp-json\/wp\/v2\/product\/198594"}],"collection":[{"href":"https:\/\/moi-kidz.com\/is\/wp-json\/wp\/v2\/product"}],"about":[{"href":"https:\/\/moi-kidz.com\/is\/wp-json\/wp\/v2\/types\/product"}],"replies":[{"embeddable":true,"href":"https:\/\/moi-kidz.com\/is\/wp-json\/wp\/v2\/comments?post=198594"}],"wp:featuredmedia":[{"embeddable":true,"href":"https:\/\/moi-kidz.com\/is\/wp-json\/wp\/v2\/media\/198599"}],"wp:attachment":[{"href":"https:\/\/moi-kidz.com\/is\/wp-json\/wp\/v2\/media?parent=198594"}],"wp:term":[{"taxonomy":"product_cat","embeddable":true,"href":"https:\/\/moi-kidz.com\/is\/wp-json\/wp\/v2\/product_cat?post=198594"},{"taxonomy":"product_tag","embeddable":true,"href":"https:\/\/moi-kidz.com\/is\/wp-json\/wp\/v2\/product_tag?post=198594"}],"curies":[{"name":"wp","href":"https:\/\/api.w.org\/{rel}","templated":true}]}}