{"id":203105,"date":"2021-08-16T19:22:57","date_gmt":"2021-08-16T19:22:57","guid":{"rendered":"https:\/\/moi-kidz.com\/is\/vara\/romper-blue-mandel\/"},"modified":"2023-06-23T18:02:29","modified_gmt":"2023-06-23T18:02:29","slug":"romper-blue-mandel","status":"publish","type":"product","link":"https:\/\/moi-kidz.com\/is\/vara\/romper-blue-mandel\/","title":{"rendered":"Romper &#8211; Blue Mandel"},"content":{"rendered":"","protected":false},"excerpt":{"rendered":"<p class=\"qtranxs-available-languages-message qtranxs-available-languages-message-is\">\u00dev\u00ed mi\u00f0ur er \u00feessi f\u00e6rsla a\u00f0eins f\u00e1anleg \u00ed <a href=\"https:\/\/moi-kidz.com\/en\/wp-json\/wp\/v2\/product\/203105\" class=\"qtranxs-available-language-link qtranxs-available-language-link-en\" title=\"English\">Bandar\u00edsk Enska<\/a>.<\/p>\n","protected":false},"featured_media":203106,"comment_status":"open","ping_status":"closed","template":"","meta":[],"product_cat":[322,168,162,144],"product_tag":[266,259,401,419],"yoast_head":"<!-- This site is optimized with the Yoast SEO Premium plugin v18.5 (Yoast SEO v19.4) - https:\/\/yoast.com\/wordpress\/plugins\/seo\/ -->\n<title>Romper - Blue Mandel | m\u00f3i<\/title>\n<meta name=\"description\" content=\"Icelandic - Organic - Kidsfashion\" \/>\n<meta name=\"robots\" content=\"index, follow, max-snippet:-1, max-image-preview:large, max-video-preview:-1\" \/>\n<link rel=\"canonical\" href=\"https:\/\/moi-kidz.com\/is\/vara\/romper-blue-mandel\/\" \/>\n<meta property=\"og:locale\" content=\"is_IS\" \/>\n<meta property=\"og:type\" content=\"article\" \/>\n<meta property=\"og:title\" content=\"Romper - Blue Mandel\" \/>\n<meta property=\"og:description\" content=\"Icelandic - Organic - Kidsfashion\" \/>\n<meta property=\"og:url\" content=\"https:\/\/moi-kidz.com\/is\/vara\/romper-blue-mandel\/\" \/>\n<meta property=\"og:site_name\" content=\"m\u00f3i\" \/>\n<meta property=\"article:publisher\" content=\"https:\/\/www.facebook.com\/moikidz\" \/>\n<meta property=\"article:modified_time\" content=\"2023-06-23T18:02:29+00:00\" \/>\n<meta property=\"og:image\" content=\"https:\/\/moi-kidz.com\/wp-content\/uploads\/2021\/08\/BTKA_1629060630436379_8d5ee38a5d79671dbb0b6c3bfd4152.jpg\" \/>\n\t<meta property=\"og:image:width\" content=\"600\" \/>\n\t<meta property=\"og:image:height\" content=\"600\" \/>\n\t<meta property=\"og:image:type\" content=\"image\/jpeg\" \/>\n<meta name=\"twitter:card\" content=\"summary_large_image\" \/>\n<meta name=\"twitter:site\" content=\"@MoiKidz\" \/>\n<script type=\"application\/ld+json\" class=\"yoast-schema-graph\">{\"@context\":\"https:\/\/schema.org\",\"@graph\":[{\"@type\":\"Organization\",\"@id\":\"https:\/\/moi-kidz.com\/is\/#organization\",\"name\":\"m\u00f3i\",\"url\":\"https:\/\/moi-kidz.com\/is\/\",\"sameAs\":[\"https:\/\/www.instagram.com\/\",\"https:\/\/www.pinterest.com\/moikidzcom\/\",\"https:\/\/www.facebook.com\/moikidz\",\"https:\/\/twitter.com\/MoiKidz\"],\"logo\":{\"@type\":\"ImageObject\",\"inLanguage\":\"is\",\"@id\":\"https:\/\/moi-kidz.com\/is\/#\/schema\/logo\/image\/\",\"url\":\"https:\/\/moi-kidz.com\/wp-content\/uploads\/2022\/05\/Logo.jpg\",\"contentUrl\":\"https:\/\/moi-kidz.com\/wp-content\/uploads\/2022\/05\/Logo.jpg\",\"width\":239,\"height\":113,\"caption\":\"m\u00f3i\"},\"image\":{\"@id\":\"https:\/\/moi-kidz.com\/is\/#\/schema\/logo\/image\/\"}},{\"@type\":\"WebSite\",\"@id\":\"https:\/\/moi-kidz.com\/is\/#website\",\"url\":\"https:\/\/moi-kidz.com\/is\/\",\"name\":\"m\u00f3i\",\"description\":\"Icelandic - Organic - Kids Fashion\",\"publisher\":{\"@id\":\"https:\/\/moi-kidz.com\/is\/#organization\"},\"potentialAction\":[{\"@type\":\"SearchAction\",\"target\":{\"@type\":\"EntryPoint\",\"urlTemplate\":\"https:\/\/moi-kidz.com\/is\/?s={search_term_string}\"},\"query-input\":\"required name=search_term_string\"}],\"inLanguage\":\"is\"},{\"@type\":\"WebPage\",\"@id\":\"https:\/\/moi-kidz.com\/is\/vara\/romper-blue-mandel\/\",\"url\":\"https:\/\/moi-kidz.com\/is\/vara\/romper-blue-mandel\/\",\"name\":\"Romper - Blue Mandel | m\u00f3i\",\"isPartOf\":{\"@id\":\"https:\/\/moi-kidz.com\/is\/#website\"},\"datePublished\":\"2021-08-16T19:22:57+00:00\",\"dateModified\":\"2023-06-23T18:02:29+00:00\",\"description\":\"Icelandic - Organic - Kidsfashion\",\"breadcrumb\":{\"@id\":\"https:\/\/moi-kidz.com\/is\/vara\/romper-blue-mandel\/#breadcrumb\"},\"inLanguage\":\"is\",\"potentialAction\":[{\"@type\":\"ReadAction\",\"target\":[\"https:\/\/moi-kidz.com\/is\/vara\/romper-blue-mandel\/\"]}]},{\"@type\":\"BreadcrumbList\",\"@id\":\"https:\/\/moi-kidz.com\/is\/vara\/romper-blue-mandel\/#breadcrumb\",\"itemListElement\":[{\"@type\":\"ListItem\",\"position\":1,\"name\":\"Home\",\"item\":\"https:\/\/moi-kidz.com\/is\/\"},{\"@type\":\"ListItem\",\"position\":2,\"name\":\"V\u00f6rur\",\"item\":\"https:\/\/moi-kidz.com\/is\/shop\/\"},{\"@type\":\"ListItem\",\"position\":3,\"name\":\"Romper &#8211; Blue Mandel\"}]}]}<\/script>\n<!-- \/ Yoast SEO Premium plugin. -->","yoast_head_json":{"title":"Romper - Blue Mandel | m\u00f3i","description":"Icelandic - Organic - Kidsfashion","robots":{"index":"index","follow":"follow","max-snippet":"max-snippet:-1","max-image-preview":"max-image-preview:large","max-video-preview":"max-video-preview:-1"},"canonical":"https:\/\/moi-kidz.com\/is\/vara\/romper-blue-mandel\/","og_locale":"is_IS","og_type":"article","og_title":"Romper - Blue Mandel","og_description":"Icelandic - Organic - Kidsfashion","og_url":"https:\/\/moi-kidz.com\/is\/vara\/romper-blue-mandel\/","og_site_name":"m\u00f3i","article_publisher":"https:\/\/www.facebook.com\/moikidz","article_modified_time":"2023-06-23T18:02:29+00:00","og_image":[{"width":600,"height":600,"url":"https:\/\/moi-kidz.com\/wp-content\/uploads\/2021\/08\/BTKA_1629060630436379_8d5ee38a5d79671dbb0b6c3bfd4152.jpg","type":"image\/jpeg"}],"twitter_card":"summary_large_image","twitter_site":"@MoiKidz","schema":{"@context":"https:\/\/schema.org","@graph":[{"@type":"Organization","@id":"https:\/\/moi-kidz.com\/is\/#organization","name":"m\u00f3i","url":"https:\/\/moi-kidz.com\/is\/","sameAs":["https:\/\/www.instagram.com\/","https:\/\/www.pinterest.com\/moikidzcom\/","https:\/\/www.facebook.com\/moikidz","https:\/\/twitter.com\/MoiKidz"],"logo":{"@type":"ImageObject","inLanguage":"is","@id":"https:\/\/moi-kidz.com\/is\/#\/schema\/logo\/image\/","url":"https:\/\/moi-kidz.com\/wp-content\/uploads\/2022\/05\/Logo.jpg","contentUrl":"https:\/\/moi-kidz.com\/wp-content\/uploads\/2022\/05\/Logo.jpg","width":239,"height":113,"caption":"m\u00f3i"},"image":{"@id":"https:\/\/moi-kidz.com\/is\/#\/schema\/logo\/image\/"}},{"@type":"WebSite","@id":"https:\/\/moi-kidz.com\/is\/#website","url":"https:\/\/moi-kidz.com\/is\/","name":"m\u00f3i","description":"Icelandic - Organic - Kids Fashion","publisher":{"@id":"https:\/\/moi-kidz.com\/is\/#organization"},"potentialAction":[{"@type":"SearchAction","target":{"@type":"EntryPoint","urlTemplate":"https:\/\/moi-kidz.com\/is\/?s={search_term_string}"},"query-input":"required name=search_term_string"}],"inLanguage":"is"},{"@type":"WebPage","@id":"https:\/\/moi-kidz.com\/is\/vara\/romper-blue-mandel\/","url":"https:\/\/moi-kidz.com\/is\/vara\/romper-blue-mandel\/","name":"Romper - Blue Mandel | m\u00f3i","isPartOf":{"@id":"https:\/\/moi-kidz.com\/is\/#website"},"datePublished":"2021-08-16T19:22:57+00:00","dateModified":"2023-06-23T18:02:29+00:00","description":"Icelandic - Organic - Kidsfashion","breadcrumb":{"@id":"https:\/\/moi-kidz.com\/is\/vara\/romper-blue-mandel\/#breadcrumb"},"inLanguage":"is","potentialAction":[{"@type":"ReadAction","target":["https:\/\/moi-kidz.com\/is\/vara\/romper-blue-mandel\/"]}]},{"@type":"BreadcrumbList","@id":"https:\/\/moi-kidz.com\/is\/vara\/romper-blue-mandel\/#breadcrumb","itemListElement":[{"@type":"ListItem","position":1,"name":"Home","item":"https:\/\/moi-kidz.com\/is\/"},{"@type":"ListItem","position":2,"name":"V\u00f6rur","item":"https:\/\/moi-kidz.com\/is\/shop\/"},{"@type":"ListItem","position":3,"name":"Romper &#8211; Blue Mandel"}]}]}},"_links":{"self":[{"href":"https:\/\/moi-kidz.com\/is\/wp-json\/wp\/v2\/product\/203105"}],"collection":[{"href":"https:\/\/moi-kidz.com\/is\/wp-json\/wp\/v2\/product"}],"about":[{"href":"https:\/\/moi-kidz.com\/is\/wp-json\/wp\/v2\/types\/product"}],"replies":[{"embeddable":true,"href":"https:\/\/moi-kidz.com\/is\/wp-json\/wp\/v2\/comments?post=203105"}],"wp:featuredmedia":[{"embeddable":true,"href":"https:\/\/moi-kidz.com\/is\/wp-json\/wp\/v2\/media\/203106"}],"wp:attachment":[{"href":"https:\/\/moi-kidz.com\/is\/wp-json\/wp\/v2\/media?parent=203105"}],"wp:term":[{"taxonomy":"product_cat","embeddable":true,"href":"https:\/\/moi-kidz.com\/is\/wp-json\/wp\/v2\/product_cat?post=203105"},{"taxonomy":"product_tag","embeddable":true,"href":"https:\/\/moi-kidz.com\/is\/wp-json\/wp\/v2\/product_tag?post=203105"}],"curies":[{"name":"wp","href":"https:\/\/api.w.org\/{rel}","templated":true}]}}